{"id":72,"date":"2024-11-19T21:54:52","date_gmt":"2024-11-19T20:54:52","guid":{"rendered":"http:\/\/www.lapetitecom.be\/?page_id=72"},"modified":"2025-11-26T22:07:26","modified_gmt":"2025-11-26T21:07:26","slug":"a-propos","status":"publish","type":"page","link":"http:\/\/www.lapetitecom.be\/index.php\/a-propos\/","title":{"rendered":"A propos"},"content":{"rendered":"\t\t<div data-elementor-type=\"wp-post\" data-elementor-id=\"72\" class=\"elementor elementor-72\">\n\t\t\t\t<div class=\"elementor-element elementor-element-d7d2e6d e-con-full e-flex e-con e-parent\" data-id=\"d7d2e6d\" data-element_type=\"container\">\n\t\t\t\t<div class=\"elementor-element elementor-element-6363a8c elementor-widget elementor-widget-heading\" data-id=\"6363a8c\" data-element_type=\"widget\" data-widget_type=\"heading.default\">\n\t\t\t\t<div class=\"elementor-widget-container\">\n\t\t\t<h2 class=\"elementor-heading-title elementor-size-default\">A propos<\/h2>\t\t<\/div>\n\t\t\t\t<\/div>\n\t\t\t\t<div class=\"elementor-element elementor-element-d7d0c0a elementor-widget elementor-widget-spacer\" data-id=\"d7d0c0a\" data-element_type=\"widget\" data-widget_type=\"spacer.default\">\n\t\t\t\t<div class=\"elementor-widget-container\">\n\t\t\t\t\t<div class=\"elementor-spacer\">\n\t\t\t<div class=\"elementor-spacer-inner\"><\/div>\n\t\t<\/div>\n\t\t\t\t<\/div>\n\t\t\t\t<\/div>\n\t\t\t\t<div class=\"elementor-element elementor-element-772b3f0 elementor-widget elementor-widget-text-editor\" data-id=\"772b3f0\" data-element_type=\"widget\" data-widget_type=\"text-editor.default\">\n\t\t\t\t<div class=\"elementor-widget-container\">\n\t\t\t\t\t\t\t<p><strong>La Petite Com\u2019 <\/strong>propose un service de Coaching, d&#8217;accompagnement et de formations pour optimiser sa communication digitale d\u00e9di\u00e9 aux petites entreprises, aux ASBL et aux ind\u00e9pendants.<\/p><p class=\"has-text-align-center\"><span style=\"color: #e2c3b0;\"><em>La communication digitale n\u2019est pas un luxe, mais une opportunit\u00e9 accessible \u00e0 toutes celles et ceux qui souhaitent valoriser leur activit\u00e9, renforcer leur visibilit\u00e9, et tisser<br \/>des liens durables avec leur public.<\/em><\/span><\/p><p style=\"text-align: center;\"><strong>Toute entreprise, m\u00eame la plus petite, m\u00e9rite une pr\u00e9sence en ligne efficace et abordable<\/strong>.<\/p><p><em>La Petite Com\u2019<\/em> croit que chaque petite entreprise m\u00e9rite d\u2019\u00eatre vue et entendue.<br \/>Elle a \u00e9t\u00e9 fond\u00e9e sur un principe simple mais essentiel : offrir \u00e0 chaque entreprise, quelle que soit sa taille ou ses ressources, la possibilit\u00e9 de se faire conna\u00eetre dans le monde digital. <br \/>Les petites structures, les artisans, et les ind\u00e9pendants ont souvent des besoins sp\u00e9cifiques, mais aussi des\u00a0 contraintes budg\u00e9taires qui\u00a0 rendent la communication classique parfois difficile d\u2019acc\u00e8s. C\u2019est pourquoi la mission de La Petite Com&#8217; est de proposer une <strong>communication digitale de qualit\u00e9<\/strong> et adapt\u00e9e, sans compromis.<\/p>\t\t\t\t\t\t<\/div>\n\t\t\t\t<\/div>\n\t\t\t\t<div class=\"elementor-element elementor-element-2ed2781 elementor-widget elementor-widget-heading\" data-id=\"2ed2781\" data-element_type=\"widget\" data-widget_type=\"heading.default\">\n\t\t\t\t<div class=\"elementor-widget-container\">\n\t\t\t<h2 class=\"elementor-heading-title elementor-size-default\">La Petite Com', c'est qui?<\/h2>\t\t<\/div>\n\t\t\t\t<\/div>\n\t\t\t\t<div class=\"elementor-element elementor-element-79fe758 elementor-widget elementor-widget-spacer\" data-id=\"79fe758\" data-element_type=\"widget\" data-widget_type=\"spacer.default\">\n\t\t\t\t<div class=\"elementor-widget-container\">\n\t\t\t\t\t<div class=\"elementor-spacer\">\n\t\t\t<div class=\"elementor-spacer-inner\"><\/div>\n\t\t<\/div>\n\t\t\t\t<\/div>\n\t\t\t\t<\/div>\n\t\t<div class=\"elementor-element elementor-element-72c3eae e-flex e-con-boxed e-con e-child\" data-id=\"72c3eae\" data-element_type=\"container\">\n\t\t\t\t\t<div class=\"e-con-inner\">\n\t\t<div class=\"elementor-element elementor-element-89b2984 e-con-full e-flex e-con e-child\" data-id=\"89b2984\" data-element_type=\"container\">\n\t\t<div class=\"elementor-element elementor-element-cfca3dd e-grid e-con-full e-con e-child\" data-id=\"cfca3dd\" data-element_type=\"container\">\n\t\t\t\t<div class=\"elementor-element elementor-element-b6e745f elementor-widget elementor-widget-text-editor\" data-id=\"b6e745f\" data-element_type=\"widget\" data-widget_type=\"text-editor.default\">\n\t\t\t\t<div class=\"elementor-widget-container\">\n\t\t\t\t\t\t\t<p>C&#8217;est Rosalia Astorino, 38 ans, maman de deux petites filles. Dipl\u00f4m\u00e9e d&#8217;un <strong>master en communication<\/strong>, elle a d\u00e9couvert les r\u00e9seaux sociaux en 2010, lors de son stage de fin d&#8217;\u00e9tudes et elle ne <strong>les a plus vraiment quitt\u00e9 depuis<\/strong>. D\u00e8s sa premi\u00e8re exp\u00e9rience professionnelle, elle s&#8217;est lanc\u00e9e <strong>\u00e0 pieds joints dans l&#8217;usage des r\u00e9seaux<\/strong> sociaux au service de la communication.<\/p>\t\t\t\t\t\t<\/div>\n\t\t\t\t<\/div>\n\t\t\t\t<div class=\"elementor-element elementor-element-ec0097b elementor-widget__width-initial elementor-widget elementor-widget-image\" data-id=\"ec0097b\" data-element_type=\"widget\" data-widget_type=\"image.default\">\n\t\t\t\t<div class=\"elementor-widget-container\">\n\t\t\t\t\t\t\t\t\t\t\t\t\t<img fetchpriority=\"high\" decoding=\"async\" width=\"240\" height=\"300\" src=\"http:\/\/www.lapetitecom.be\/wp-content\/uploads\/2025\/11\/Minimalist-Modern-Fashion-Brand-Moodboard-Instagram-Post-240x300.png\" class=\"attachment-medium size-medium wp-image-773\" alt=\"\" srcset=\"http:\/\/www.lapetitecom.be\/wp-content\/uploads\/2025\/11\/Minimalist-Modern-Fashion-Brand-Moodboard-Instagram-Post-240x300.png 240w, http:\/\/www.lapetitecom.be\/wp-content\/uploads\/2025\/11\/Minimalist-Modern-Fashion-Brand-Moodboard-Instagram-Post-819x1024.png 819w, http:\/\/www.lapetitecom.be\/wp-content\/uploads\/2025\/11\/Minimalist-Modern-Fashion-Brand-Moodboard-Instagram-Post-768x960.png 768w, http:\/\/www.lapetitecom.be\/wp-content\/uploads\/2025\/11\/Minimalist-Modern-Fashion-Brand-Moodboard-Instagram-Post.png 1080w\" sizes=\"(max-width: 240px) 100vw, 240px\" \/>\t\t\t\t\t\t\t\t\t\t\t\t\t<\/div>\n\t\t\t\t<\/div>\n\t\t\t\t<\/div>\n\t\t\t\t<\/div>\n\t\t\t\t\t<\/div>\n\t\t\t\t<\/div>\n\t\t\t\t<\/div>\n\t\t<div class=\"elementor-element elementor-element-6a0061d e-flex e-con-boxed e-con e-parent\" data-id=\"6a0061d\" data-element_type=\"container\">\n\t\t\t\t\t<div class=\"e-con-inner\">\n\t\t\t\t<div class=\"elementor-element elementor-element-511b4b2 elementor-widget elementor-widget-text-editor\" data-id=\"511b4b2\" data-element_type=\"widget\" data-widget_type=\"text-editor.default\">\n\t\t\t\t<div class=\"elementor-widget-container\">\n\t\t\t\t\t\t\t<p>Sa carri\u00e8re a ensuite pris un tournant, l\u00e9g\u00e8rement diff\u00e9rent, elle est devenue <strong>formatrice<\/strong>, puis <strong>responsable de projet<\/strong> mais son amour pour la communication digitale ne l&#8217;a jamais quitt\u00e9. Durant toutes ces ann\u00e9es, elle a continu\u00e9, de pr\u00e8s ou parfois de plus loin, \u00e0 g\u00e9rer des pages Facebook ou Instagram et \u00e0 cr\u00e9er des visuels de communication. Aujourd&#8217;hui, elle revient corps et \u00e2me \u00e0 son <strong>premier amour<\/strong> au travers des services qu&#8217;elle propose au sein de la Petite Com&#8217;.<\/p>\t\t\t\t\t\t<\/div>\n\t\t\t\t<\/div>\n\t\t\t\t\t<\/div>\n\t\t\t\t<\/div>\n\t\t\t\t<\/div>\n\t\t","protected":false},"excerpt":{"rendered":"<p>A propos La Petite Com\u2019 propose un service de Coaching, d&#8217;accompagnement et de formations pour optimiser sa communication digitale d\u00e9di\u00e9 aux petites entreprises, aux ASBL et aux ind\u00e9pendants. La communication digitale n\u2019est pas un luxe, mais une opportunit\u00e9 accessible \u00e0 toutes celles et ceux qui souhaitent valoriser leur activit\u00e9, renforcer leur visibilit\u00e9, et tisserdes liens [&hellip;]<\/p>\n","protected":false},"author":1,"featured_media":0,"parent":0,"menu_order":0,"comment_status":"closed","ping_status":"closed","template":"elementor_theme","meta":{"footnotes":""},"class_list":["post-72","page","type-page","status-publish","hentry"],"_links":{"self":[{"href":"http:\/\/www.lapetitecom.be\/index.php\/wp-json\/wp\/v2\/pages\/72","targetHints":{"allow":["GET"]}}],"collection":[{"href":"http:\/\/www.lapetitecom.be\/index.php\/wp-json\/wp\/v2\/pages"}],"about":[{"href":"http:\/\/www.lapetitecom.be\/index.php\/wp-json\/wp\/v2\/types\/page"}],"author":[{"embeddable":true,"href":"http:\/\/www.lapetitecom.be\/index.php\/wp-json\/wp\/v2\/users\/1"}],"replies":[{"embeddable":true,"href":"http:\/\/www.lapetitecom.be\/index.php\/wp-json\/wp\/v2\/comments?post=72"}],"version-history":[{"count":106,"href":"http:\/\/www.lapetitecom.be\/index.php\/wp-json\/wp\/v2\/pages\/72\/revisions"}],"predecessor-version":[{"id":776,"href":"http:\/\/www.lapetitecom.be\/index.php\/wp-json\/wp\/v2\/pages\/72\/revisions\/776"}],"wp:attachment":[{"href":"http:\/\/www.lapetitecom.be\/index.php\/wp-json\/wp\/v2\/media?parent=72"}],"curies":[{"name":"wp","href":"https:\/\/api.w.org\/{rel}","templated":true}]}}