{"id":475,"date":"2025-01-28T15:12:00","date_gmt":"2025-01-28T14:12:00","guid":{"rendered":"http:\/\/www.lapetitecom.be\/?page_id=475"},"modified":"2025-03-14T15:18:05","modified_gmt":"2025-03-14T14:18:05","slug":"canva-insta","status":"publish","type":"page","link":"http:\/\/www.lapetitecom.be\/index.php\/canva-insta\/","title":{"rendered":"Canva &amp; Insta"},"content":{"rendered":"\t\t<div data-elementor-type=\"wp-page\" data-elementor-id=\"475\" class=\"elementor elementor-475\">\n\t\t\t\t<div class=\"elementor-element elementor-element-08b2ca8 e-flex e-con-boxed e-con e-parent\" data-id=\"08b2ca8\" data-element_type=\"container\">\n\t\t\t\t\t<div class=\"e-con-inner\">\n\t\t\t\t<div class=\"elementor-element elementor-element-43c46d2 elementor-widget elementor-widget-heading\" data-id=\"43c46d2\" data-element_type=\"widget\" data-widget_type=\"heading.default\">\n\t\t\t\t<div class=\"elementor-widget-container\">\n\t\t\t<h2 class=\"elementor-heading-title elementor-size-default\">Boostez votre Instagram avec Canva<\/h2>\t\t<\/div>\n\t\t\t\t<\/div>\n\t\t\t\t\t<\/div>\n\t\t\t\t<\/div>\n\t\t<div class=\"elementor-element elementor-element-b77d03a e-flex e-con-boxed e-con e-parent\" data-id=\"b77d03a\" data-element_type=\"container\">\n\t\t\t\t\t<div class=\"e-con-inner\">\n\t\t\t\t<div class=\"elementor-element elementor-element-d8fbc01 elementor-widget elementor-widget-image\" data-id=\"d8fbc01\" data-element_type=\"widget\" data-widget_type=\"image.default\">\n\t\t\t\t<div class=\"elementor-widget-container\">\n\t\t\t\t\t\t\t\t\t\t\t\t\t<img fetchpriority=\"high\" decoding=\"async\" width=\"851\" height=\"315\" src=\"http:\/\/www.lapetitecom.be\/wp-content\/uploads\/2025\/01\/pouir1.png\" class=\"attachment-large size-large wp-image-478\" alt=\"\" srcset=\"http:\/\/www.lapetitecom.be\/wp-content\/uploads\/2025\/01\/pouir1.png 851w, http:\/\/www.lapetitecom.be\/wp-content\/uploads\/2025\/01\/pouir1-300x111.png 300w, http:\/\/www.lapetitecom.be\/wp-content\/uploads\/2025\/01\/pouir1-768x284.png 768w\" sizes=\"(max-width: 851px) 100vw, 851px\" \/>\t\t\t\t\t\t\t\t\t\t\t\t\t<\/div>\n\t\t\t\t<\/div>\n\t\t\t\t<div class=\"elementor-element elementor-element-76528bf elementor-widget elementor-widget-text-editor\" data-id=\"76528bf\" data-element_type=\"widget\" data-widget_type=\"text-editor.default\">\n\t\t\t\t<div class=\"elementor-widget-container\">\n\t\t\t\t\t\t\t<p>Vous \u00eates ind\u00e9pendant, une petite entreprise ou un cr\u00e9ateur et vous voulez <b>transformer votre pr\u00e9sence sur Instagram<\/b>\u202f? Cette formation vous apprendra \u00e0 <b>ma\u00eetriser Canva<\/b>, l\u2019outil incontournable pour cr\u00e9er des visuels percutants, et \u00e0 <b>optimiser votre compte Instagram<\/b> pour booster votre visibilit\u00e9 et votre engagement.<\/p><p>Apprenez \u00e0 utiliser <b>toutes les fonctionnalit\u00e9s de Canva<\/b>, m\u00eame sans comp\u00e9tences graphiques, pour concevoir des publications qui captivent votre audience. D\u00e9couvrez \u00e9galement <b>les bases et les astuces d\u2019Instagram<\/b> pour maximiser vos efforts de communication et atteindre vos objectifs.<\/p><p>Repartez avec des outils pratiques, des id\u00e9es de contenu, et des visuels pr\u00eats \u00e0 \u00eatre publi\u00e9s\u202f!<\/p><hr \/><h3><span style=\"color: #ff66c4;\"><strong>Pourquoi choisir cette formation ?<\/strong><\/span><\/h3><p>\u2705 <strong>Formation Accessible \u00e0 Tous :<\/strong> Que vous soyez novice en graphisme ou utilisateur interm\u00e9diaire d\u2019Instagram, cette formation est con\u00e7ue pour \u00eatre simple, intuitive et progressive.<br \/>\u2705 <strong>Approche Pratique et Imm\u00e9diatement Applicable :<\/strong> Repartez avec des visuels et une strat\u00e9gie pr\u00eats \u00e0 \u00eatre utilis\u00e9s d\u00e8s la fin de la formation.<br \/>\u2705 <strong>Expertise et Accompagnement Personnalis\u00e9 :<\/strong> Formatrice exp\u00e9riment\u00e9e dans la cr\u00e9ation de contenu et la gestion des r\u00e9seaux sociaux, \u00e0 votre \u00e9coute pour r\u00e9pondre \u00e0 vos besoins sp\u00e9cifiques.<br \/>\u2705 <strong>Un Gain de Temps et d\u2019Impact :<\/strong> Apprenez \u00e0 maximiser votre efficacit\u00e9 avec Canva et Instagram pour produire du contenu engageant en moins de temps.<br \/>\u2705 <strong>Un Guide PDF Offert :<\/strong> Acc\u00e9dez \u00e0 des ressources suppl\u00e9mentaires pour continuer \u00e0 progresser et optimiser votre pr\u00e9sence en ligne.<\/p><p>En choisissant cette formation, vous investissez dans une comp\u00e9tence cl\u00e9 pour d\u00e9velopper votre activit\u00e9 et vous d\u00e9marquer efficacement sur Instagram\u202f! \ud83d\ude80<\/p><hr \/><h3><span style=\"color: #ff66c4;\"><strong>Le programme de la formation<\/strong><\/span><\/h3><ol><li><strong>Introduction<\/strong>:<ol><li>Objectifs de la formation<\/li><li>Pr\u00e9sentation de Canva et d&#8217;Instagram<\/li><\/ol><\/li><li><strong>Les bases de Canva<\/strong><ol><li>D\u00e9couverte de l&#8217;interface<\/li><li>Apprendre \u00e0 concevoir un visuel<\/li><\/ol><\/li><li><strong>Les bases d&#8217;Instagram<\/strong><ol><li>Optimiser son compte<\/li><li>Comprendre l&#8217;algorithme<\/li><\/ol><\/li><li><strong>Cr\u00e9ation graphique avanc\u00e9e sur Canva<\/strong><\/li><li><strong>Strat\u00e9gies et astuces pour Instagram<\/strong><\/li><li><strong>Atelier pratique<\/strong><\/li><\/ol><hr \/><h3><span style=\"color: #ff66c4;\"><b>Infos Pratiques<\/b><\/span><\/h3><p>\ud83d\udcc5 <b>Dur\u00e9e :<\/b> de 09h \u00e0 12h <br \/>\ud83d\udcbb <b>Mat\u00e9riel :<\/b> Ordinateur portable requis (connexion \u00e0 Canva et Instagram).<br \/>\ud83d\udcb6 <b>Tarif :<\/b> 70\u20ac\/personne<br \/>\ud83c\udfaf <b>Public cible :<\/b> Ind\u00e9pendants, petites entreprises, cr\u00e9ateurs souhaitant am\u00e9liorer leur pr\u00e9sence sur Instagram gr\u00e2ce \u00e0 des visuels professionnels.<br \/><b>\ud83d\udc69\u200d\ud83c\udf93Pr\u00e9requis<\/b>: Avoir d\u00e9j\u00e0 utilis\u00e9 Canva et Instagram<\/p><hr \/><h3><strong><span style=\"color: #ff66c4;\">Prochaine date \u00e0 venir!<\/span><br \/><\/strong><\/h3><p><strong>\u00a0<\/strong><\/p>\t\t\t\t\t\t<\/div>\n\t\t\t\t<\/div>\n\t\t\t\t<div class=\"elementor-element elementor-element-54481b5 elementor-align-center elementor-widget elementor-widget-button\" data-id=\"54481b5\" data-element_type=\"widget\" data-widget_type=\"button.default\">\n\t\t\t\t<div class=\"elementor-widget-container\">\n\t\t\t\t\t\t\t<div class=\"elementor-button-wrapper\">\n\t\t\t\t\t<a class=\"elementor-button elementor-button-link elementor-size-sm\" href=\"https:\/\/forms.gle\/eoP7P6HqGZj7b4bw7\" target=\"_blank\">\n\t\t\t\t\t\t<span class=\"elementor-button-content-wrapper\">\n\t\t\t\t\t\t\t\t\t<span class=\"elementor-button-text\">Je souhaite \u00eatre inform\u00e9 des prochaines formations<\/span>\n\t\t\t\t\t<\/span>\n\t\t\t\t\t<\/a>\n\t\t\t\t<\/div>\n\t\t\t\t\t\t<\/div>\n\t\t\t\t<\/div>\n\t\t\t\t\t<\/div>\n\t\t\t\t<\/div>\n\t\t\t\t<\/div>\n\t\t","protected":false},"excerpt":{"rendered":"<p>Boostez votre Instagram avec Canva Vous \u00eates ind\u00e9pendant, une petite entreprise ou un cr\u00e9ateur et vous voulez transformer votre pr\u00e9sence sur Instagram\u202f? Cette formation vous apprendra \u00e0 ma\u00eetriser Canva, l\u2019outil incontournable pour cr\u00e9er des visuels percutants, et \u00e0 optimiser votre compte Instagram pour booster votre visibilit\u00e9 et votre engagement. Apprenez \u00e0 utiliser toutes les fonctionnalit\u00e9s [&hellip;]<\/p>\n","protected":false},"author":1,"featured_media":0,"parent":0,"menu_order":0,"comment_status":"closed","ping_status":"closed","template":"","meta":{"footnotes":""},"class_list":["post-475","page","type-page","status-publish","hentry"],"_links":{"self":[{"href":"http:\/\/www.lapetitecom.be\/index.php\/wp-json\/wp\/v2\/pages\/475","targetHints":{"allow":["GET"]}}],"collection":[{"href":"http:\/\/www.lapetitecom.be\/index.php\/wp-json\/wp\/v2\/pages"}],"about":[{"href":"http:\/\/www.lapetitecom.be\/index.php\/wp-json\/wp\/v2\/types\/page"}],"author":[{"embeddable":true,"href":"http:\/\/www.lapetitecom.be\/index.php\/wp-json\/wp\/v2\/users\/1"}],"replies":[{"embeddable":true,"href":"http:\/\/www.lapetitecom.be\/index.php\/wp-json\/wp\/v2\/comments?post=475"}],"version-history":[{"count":7,"href":"http:\/\/www.lapetitecom.be\/index.php\/wp-json\/wp\/v2\/pages\/475\/revisions"}],"predecessor-version":[{"id":594,"href":"http:\/\/www.lapetitecom.be\/index.php\/wp-json\/wp\/v2\/pages\/475\/revisions\/594"}],"wp:attachment":[{"href":"http:\/\/www.lapetitecom.be\/index.php\/wp-json\/wp\/v2\/media?parent=475"}],"curies":[{"name":"wp","href":"https:\/\/api.w.org\/{rel}","templated":true}]}}