{"id":444,"date":"2025-01-21T12:12:04","date_gmt":"2025-01-21T11:12:04","guid":{"rendered":"http:\/\/www.lapetitecom.be\/?page_id=444"},"modified":"2025-04-28T20:33:59","modified_gmt":"2025-04-28T18:33:59","slug":"canva-creez-vos-visuels-pro-p","status":"publish","type":"page","link":"http:\/\/www.lapetitecom.be\/index.php\/canva-creez-vos-visuels-pro-p\/","title":{"rendered":"CANVA: Cr\u00e9ez vos visuels pro pour vos r\u00e9seaux sociaux"},"content":{"rendered":"\t\t<div data-elementor-type=\"wp-page\" data-elementor-id=\"444\" class=\"elementor elementor-444\">\n\t\t\t\t<div class=\"elementor-element elementor-element-5462b02 e-flex e-con-boxed e-con e-parent\" data-id=\"5462b02\" data-element_type=\"container\">\n\t\t\t\t\t<div class=\"e-con-inner\">\n\t\t\t\t<div class=\"elementor-element elementor-element-6d7fd06 elementor-widget elementor-widget-heading\" data-id=\"6d7fd06\" data-element_type=\"widget\" data-widget_type=\"heading.default\">\n\t\t\t\t<div class=\"elementor-widget-container\">\n\t\t\t<h2 class=\"elementor-heading-title elementor-size-default\">CANVA: Cr\u00e9ez des visuels pro pour vos r\u00e9seaux sociaux<\/h2>\t\t<\/div>\n\t\t\t\t<\/div>\n\t\t\t\t\t<\/div>\n\t\t\t\t<\/div>\n\t\t<div class=\"elementor-element elementor-element-42864cc e-flex e-con-boxed e-con e-parent\" data-id=\"42864cc\" data-element_type=\"container\">\n\t\t\t\t\t<div class=\"e-con-inner\">\n\t\t\t\t<div class=\"elementor-element elementor-element-65a7245 elementor-widget elementor-widget-image\" data-id=\"65a7245\" data-element_type=\"widget\" data-widget_type=\"image.default\">\n\t\t\t\t<div class=\"elementor-widget-container\">\n\t\t\t\t\t\t\t\t\t\t\t\t\t<img fetchpriority=\"high\" decoding=\"async\" width=\"851\" height=\"315\" src=\"http:\/\/www.lapetitecom.be\/wp-content\/uploads\/2025\/01\/Photographie-Studio-Facebook-Couverture6.png\" class=\"attachment-large size-large wp-image-449\" alt=\"\" srcset=\"http:\/\/www.lapetitecom.be\/wp-content\/uploads\/2025\/01\/Photographie-Studio-Facebook-Couverture6.png 851w, http:\/\/www.lapetitecom.be\/wp-content\/uploads\/2025\/01\/Photographie-Studio-Facebook-Couverture6-300x111.png 300w, http:\/\/www.lapetitecom.be\/wp-content\/uploads\/2025\/01\/Photographie-Studio-Facebook-Couverture6-768x284.png 768w\" sizes=\"(max-width: 851px) 100vw, 851px\" \/>\t\t\t\t\t\t\t\t\t\t\t\t\t<\/div>\n\t\t\t\t<\/div>\n\t\t\t\t<div class=\"elementor-element elementor-element-429e046 elementor-widget elementor-widget-text-editor\" data-id=\"429e046\" data-element_type=\"widget\" data-widget_type=\"text-editor.default\">\n\t\t\t\t<div class=\"elementor-widget-container\">\n\t\t\t\t\t\t\t<p>Vous \u00eates ind\u00e9pendant(e) ou dirigez une petite entreprise, vous travaillez au sein d&#8217;une ASBL et souhaitez gagner en autonomie pour cr\u00e9er des visuels percutants et professionnels ?<\/p><p>\ud83c\udf1f Avec cette formation sur <span style=\"color: #ff66c4;\"><strong>Canva<\/strong><\/span>, vous allez apprendre \u00e0 ma\u00eetriser cet outil incontournable en communication digitale, m\u00eame sans comp\u00e9tences graphiques.<\/p><p>Canva est LA solution pour cr\u00e9er facilement des visuels attractifs : posts pour les r\u00e9seaux sociaux, flyers, pr\u00e9sentations, banni\u00e8res, et bien plus encore.<\/p><p>L&#8217;objectif de cette formation ? Vous donner les cl\u00e9s pour <strong>gagner du temps<\/strong>, <strong>faire des \u00e9conomies<\/strong> et <strong>professionnaliser vos visuels de communication<\/strong> pour les r\u00e9seaux sociaux.<\/p><hr \/><h3><span style=\"color: #ff66c4;\"><strong>Pourquoi choisir cette formation ?<\/strong><\/span><\/h3><p>\u2705 <strong>Accessible \u00e0 tous<\/strong> : Pas besoin d&#8217;\u00eatre graphiste, Canva est intuitif et simple \u00e0 prendre en main.<br \/>\u2705 <strong>Adapt\u00e9 \u00e0 vos besoins<\/strong> : Formation cibl\u00e9e pour les ind\u00e9pendants, petites entreprises et Asbl.<br \/>\u2705 <strong>Autonomie garantie<\/strong> : \u00c0 l\u2019issue de cette formation, vous serez capable de cr\u00e9er vos visuels par vous-m\u00eame, sans faire appel \u00e0 des prestataires externes.<br \/>\u2705 <strong>Restez comp\u00e9titif<\/strong> : Am\u00e9liorez votre image de marque avec des visuels modernes et professionnels.<br \/>\u2705 <strong>Atelier pratique<\/strong> : La formation propose un parfait \u00e9quilibre entre apports th\u00e9oriques et exercices pratiques afin de repartir avec vos visuels personnalis\u00e9s.<\/p><hr \/><h3><span style=\"color: #ff66c4;\"><strong>Le programme de la formation Canva<\/strong><\/span><\/h3><p><strong>1. D\u00e9couverte de Canva<br \/><\/strong>&#8211; Pr\u00e9sentation de l\u2019outil et cr\u00e9ation d\u2019un compte.<br \/>&#8211; Tour d\u2019horizon de l\u2019interface : navigation, biblioth\u00e8que de mod\u00e8les, et ressources gratuites.<\/p><p><strong>2. Bases de la cr\u00e9ation graphique<br \/>&#8211; <\/strong>Les principes fondamentaux du design (alignements, couleurs, typographies).<br \/>&#8211; Comment adapter vos visuels \u00e0 votre identit\u00e9 visuelle (logo, couleurs, polices).<\/p><p><strong>3. Cr\u00e9ation de visuels simples et efficaces<br \/><\/strong>&#8211; Cr\u00e9ation d\u2019un post pour une page Facebook.<br \/>&#8211; Cr\u00e9ation d&#8217;un post pour une page Instagram.<br \/>&#8211; Cr\u00e9ation d&#8217;une couverture Facebook.<br \/>&#8211; Cr\u00e9ation d&#8217;une story pour Instagram.<\/p><p><strong>4. Outils avanc\u00e9s pour aller plus loin<br \/><\/strong>&#8211; Int\u00e9gration d\u2019\u00e9l\u00e9ments multim\u00e9dias (photos, vid\u00e9os, ic\u00f4nes).<br \/>&#8211; Utilisation des fonctionnalit\u00e9s avanc\u00e9es (effets, animations, exports personnalis\u00e9s).<\/p><p><strong>5. Astuces et bonnes pratiques<br \/><\/strong><\/p><hr \/><h3><span style=\"color: #ff66c4;\"><strong>Infos pratiques<\/strong><\/span><\/h3><p>\ud83d\udcc5 <strong>Dur\u00e9e<\/strong> :\u00a0 3 heures<br \/>\ud83d\udcb6 <strong>Tarif<\/strong> : 50\u20ac <br \/>\ud83c\udf93 <strong>Bonus<\/strong> : Recevez un guide complet en PDF pour continuer \u00e0 progresser apr\u00e8s la formation !<\/p><hr \/><h3><strong><span style=\"color: #ff66c4;\">Prochaine date <br \/><\/span><\/strong><\/h3><p>Le <strong>jeudi 22 mai 2025<\/strong>, de 18h30 \u00e0 21h30 au MAD Coworking \u00e0 Soignies<\/p>\t\t\t\t\t\t<\/div>\n\t\t\t\t<\/div>\n\t\t\t\t<div class=\"elementor-element elementor-element-e314f4f elementor-align-center elementor-widget elementor-widget-button\" data-id=\"e314f4f\" data-element_type=\"widget\" data-widget_type=\"button.default\">\n\t\t\t\t<div class=\"elementor-widget-container\">\n\t\t\t\t\t\t\t<div class=\"elementor-button-wrapper\">\n\t\t\t\t\t<a class=\"elementor-button elementor-button-link elementor-size-sm\" href=\"https:\/\/docs.google.com\/forms\/d\/e\/1FAIpQLScTZcLwz_Zpe13ForUVDv4H4GVhY9nYUKY7AtohArjghIm13A\/viewform?usp=header\" target=\"_blank\">\n\t\t\t\t\t\t<span class=\"elementor-button-content-wrapper\">\n\t\t\t\t\t\t\t\t\t<span class=\"elementor-button-text\">Je m'inscris \u00e0 la formation<\/span>\n\t\t\t\t\t<\/span>\n\t\t\t\t\t<\/a>\n\t\t\t\t<\/div>\n\t\t\t\t\t\t<\/div>\n\t\t\t\t<\/div>\n\t\t\t\t\t<\/div>\n\t\t\t\t<\/div>\n\t\t\t\t<\/div>\n\t\t","protected":false},"excerpt":{"rendered":"<p>CANVA: Cr\u00e9ez des visuels pro pour vos r\u00e9seaux sociaux Vous \u00eates ind\u00e9pendant(e) ou dirigez une petite entreprise, vous travaillez au sein d&#8217;une ASBL et souhaitez gagner en autonomie pour cr\u00e9er des visuels percutants et professionnels ? \ud83c\udf1f Avec cette formation sur Canva, vous allez apprendre \u00e0 ma\u00eetriser cet outil incontournable en communication digitale, m\u00eame sans [&hellip;]<\/p>\n","protected":false},"author":1,"featured_media":0,"parent":0,"menu_order":0,"comment_status":"closed","ping_status":"closed","template":"","meta":{"footnotes":""},"class_list":["post-444","page","type-page","status-publish","hentry"],"_links":{"self":[{"href":"http:\/\/www.lapetitecom.be\/index.php\/wp-json\/wp\/v2\/pages\/444","targetHints":{"allow":["GET"]}}],"collection":[{"href":"http:\/\/www.lapetitecom.be\/index.php\/wp-json\/wp\/v2\/pages"}],"about":[{"href":"http:\/\/www.lapetitecom.be\/index.php\/wp-json\/wp\/v2\/types\/page"}],"author":[{"embeddable":true,"href":"http:\/\/www.lapetitecom.be\/index.php\/wp-json\/wp\/v2\/users\/1"}],"replies":[{"embeddable":true,"href":"http:\/\/www.lapetitecom.be\/index.php\/wp-json\/wp\/v2\/comments?post=444"}],"version-history":[{"count":13,"href":"http:\/\/www.lapetitecom.be\/index.php\/wp-json\/wp\/v2\/pages\/444\/revisions"}],"predecessor-version":[{"id":630,"href":"http:\/\/www.lapetitecom.be\/index.php\/wp-json\/wp\/v2\/pages\/444\/revisions\/630"}],"wp:attachment":[{"href":"http:\/\/www.lapetitecom.be\/index.php\/wp-json\/wp\/v2\/media?parent=444"}],"curies":[{"name":"wp","href":"https:\/\/api.w.org\/{rel}","templated":true}]}}