{"id":243,"date":"2024-11-25T13:59:03","date_gmt":"2024-11-25T12:59:03","guid":{"rendered":"http:\/\/www.lapetitecom.be\/?page_id=243"},"modified":"2024-12-02T22:50:42","modified_gmt":"2024-12-02T21:50:42","slug":"contact","status":"publish","type":"page","link":"http:\/\/www.lapetitecom.be\/index.php\/contact\/","title":{"rendered":"Contact"},"content":{"rendered":"\t\t<div data-elementor-type=\"wp-page\" data-elementor-id=\"243\" class=\"elementor elementor-243\">\n\t\t\t\t<div class=\"elementor-element elementor-element-8974845 e-flex e-con-boxed e-con e-parent\" data-id=\"8974845\" data-element_type=\"container\">\n\t\t\t\t\t<div class=\"e-con-inner\">\n\t\t\t\t<div class=\"elementor-element elementor-element-ad48682 elementor-widget elementor-widget-heading\" data-id=\"ad48682\" data-element_type=\"widget\" data-widget_type=\"heading.default\">\n\t\t\t\t<div class=\"elementor-widget-container\">\n\t\t\t<h2 class=\"elementor-heading-title elementor-size-default\">Contact<\/h2>\t\t<\/div>\n\t\t\t\t<\/div>\n\t\t\t\t\t<\/div>\n\t\t\t\t<\/div>\n\t\t<div class=\"elementor-element elementor-element-5e4382e e-flex e-con-boxed e-con e-parent\" data-id=\"5e4382e\" data-element_type=\"container\">\n\t\t\t\t\t<div class=\"e-con-inner\">\n\t\t\t\t<div class=\"elementor-element elementor-element-0b3cd94 elementor-widget elementor-widget-spacer\" data-id=\"0b3cd94\" data-element_type=\"widget\" data-widget_type=\"spacer.default\">\n\t\t\t\t<div class=\"elementor-widget-container\">\n\t\t\t\t\t<div class=\"elementor-spacer\">\n\t\t\t<div class=\"elementor-spacer-inner\"><\/div>\n\t\t<\/div>\n\t\t\t\t<\/div>\n\t\t\t\t<\/div>\n\t\t\t\t<div class=\"elementor-element elementor-element-11effa6 elementor-widget elementor-widget-image\" data-id=\"11effa6\" data-element_type=\"widget\" data-widget_type=\"image.default\">\n\t\t\t\t<div class=\"elementor-widget-container\">\n\t\t\t\t\t\t\t\t\t\t\t\t\t<img decoding=\"async\" width=\"150\" height=\"150\" src=\"http:\/\/www.lapetitecom.be\/wp-content\/uploads\/2024\/11\/Design-sans-titre5-1-150x150.png\" class=\"attachment-thumbnail size-thumbnail wp-image-286\" alt=\"\" srcset=\"http:\/\/www.lapetitecom.be\/wp-content\/uploads\/2024\/11\/Design-sans-titre5-1-150x150.png 150w, http:\/\/www.lapetitecom.be\/wp-content\/uploads\/2024\/11\/Design-sans-titre5-1-300x300.png 300w, http:\/\/www.lapetitecom.be\/wp-content\/uploads\/2024\/11\/Design-sans-titre5-1-1024x1024.png 1024w, http:\/\/www.lapetitecom.be\/wp-content\/uploads\/2024\/11\/Design-sans-titre5-1-768x768.png 768w, http:\/\/www.lapetitecom.be\/wp-content\/uploads\/2024\/11\/Design-sans-titre5-1.png 1080w\" sizes=\"(max-width: 150px) 100vw, 150px\" \/>\t\t\t\t\t\t\t\t\t\t\t\t\t<\/div>\n\t\t\t\t<\/div>\n\t\t\t\t<div class=\"elementor-element elementor-element-e7baf18 elementor-widget elementor-widget-text-editor\" data-id=\"e7baf18\" data-element_type=\"widget\" data-widget_type=\"text-editor.default\">\n\t\t\t\t<div class=\"elementor-widget-container\">\n\t\t\t\t\t\t\t<p style=\"text-align: center;\">Vous avez une question, un projet \u00e0 discuter ou simplement envie d&#8217;en savoir plus sur nos services ? La Petite Com&#8217; est l\u00e0 pour vous aider !<\/p><p>\ud83d\udcde <strong>T\u00e9l\u00e9phone<\/strong><br \/>Appelez la Petite Com&#8217; au <strong>0488 22 94 03<br \/>D<\/strong>u <strong>lundi au vendredi de 9h \u00e0 18h<\/strong> pour r\u00e9pondre \u00e0 toutes vos demandes.<\/p><p>\ud83d\udce7 <strong>Email<\/strong><br \/>Envoyez un message \u00e0 <strong>info@lapetitecom.be<\/strong> et La Petite Com&#8217; vous r\u00e9pondra dans les plus brefs d\u00e9lais.<\/p><p>\ud83d\udccd <strong>Adresse<\/strong><br \/>Vous pr\u00e9f\u00e9rez une rencontre en personne ?\u00a0<br \/>La Petite Com&#8217; peut vous fixer un rendez-vous sur la r\u00e9gion de <strong>Mons<\/strong>.<\/p><p>\ud83d\udcac <strong>R\u00e9seaux sociaux<\/strong><br \/>Retrouvez La Petite Com&#8217; \u00e9galement sur <a href=\"https:\/\/www.facebook.com\/profile.php?id=61569236829990\" target=\"_blank\" rel=\"noopener\">Facebook<\/a> et sur <a href=\"https:\/\/www.instagram.com\/la_petite_com\/\" target=\"_blank\" rel=\"noopener\">Instagram<\/a> restez inform\u00e9(e) des actualit\u00e9s et \u00e9v\u00e9nements !<\/p><p>La Petite Com&#8217; est impatiente de vous lire et de vous accompagner dans vos projets !<\/p>\t\t\t\t\t\t<\/div>\n\t\t\t\t<\/div>\n\t\t\t\t\t<\/div>\n\t\t\t\t<\/div>\n\t\t\t\t<\/div>\n\t\t","protected":false},"excerpt":{"rendered":"<p>Contact Vous avez une question, un projet \u00e0 discuter ou simplement envie d&#8217;en savoir plus sur nos services ? La Petite Com&#8217; est l\u00e0 pour vous aider ! \ud83d\udcde T\u00e9l\u00e9phoneAppelez la Petite Com&#8217; au 0488 22 94 03Du lundi au vendredi de 9h \u00e0 18h pour r\u00e9pondre \u00e0 toutes vos demandes. \ud83d\udce7 EmailEnvoyez un message [&hellip;]<\/p>\n","protected":false},"author":1,"featured_media":0,"parent":0,"menu_order":0,"comment_status":"closed","ping_status":"closed","template":"","meta":{"footnotes":""},"class_list":["post-243","page","type-page","status-publish","hentry"],"_links":{"self":[{"href":"http:\/\/www.lapetitecom.be\/index.php\/wp-json\/wp\/v2\/pages\/243","targetHints":{"allow":["GET"]}}],"collection":[{"href":"http:\/\/www.lapetitecom.be\/index.php\/wp-json\/wp\/v2\/pages"}],"about":[{"href":"http:\/\/www.lapetitecom.be\/index.php\/wp-json\/wp\/v2\/types\/page"}],"author":[{"embeddable":true,"href":"http:\/\/www.lapetitecom.be\/index.php\/wp-json\/wp\/v2\/users\/1"}],"replies":[{"embeddable":true,"href":"http:\/\/www.lapetitecom.be\/index.php\/wp-json\/wp\/v2\/comments?post=243"}],"version-history":[{"count":13,"href":"http:\/\/www.lapetitecom.be\/index.php\/wp-json\/wp\/v2\/pages\/243\/revisions"}],"predecessor-version":[{"id":355,"href":"http:\/\/www.lapetitecom.be\/index.php\/wp-json\/wp\/v2\/pages\/243\/revisions\/355"}],"wp:attachment":[{"href":"http:\/\/www.lapetitecom.be\/index.php\/wp-json\/wp\/v2\/media?parent=243"}],"curies":[{"name":"wp","href":"https:\/\/api.w.org\/{rel}","templated":true}]}}